{"id":1495,"date":"2021-04-27T23:27:57","date_gmt":"2021-04-27T23:27:57","guid":{"rendered":"https:\/\/equipatex.com\/?page_id=1495"},"modified":"2021-06-29T15:57:06","modified_gmt":"2021-06-29T15:57:06","slug":"terms-of-sale","status":"publish","type":"page","link":"https:\/\/equipatex.com\/en\/terms-of-sale\/","title":{"rendered":"Terms of sale"},"content":{"rendered":"\n<p>All purchases made on equipatex.es are subject to the purchase conditions set out in this section.<\/p>\n<p>The sales made are regulated by current legislation.<\/p>\n<ol>\n<li><strong>Personal data protection<\/strong><\/li>\n<li><strong>Payment Systems<\/strong><\/li>\n<li><strong>Prices<\/strong><\/li>\n<li><strong>Delivery times<\/strong><\/li>\n<li><strong>Shipping costs.<\/strong><\/li>\n<li>\u00a0<\/li>\n<li><strong>Claims resolution<\/strong><\/li>\n<li><strong>Product warranties<\/strong><\/li>\n<\/ol>\n<h3>1.\u00a0\u00a0 <strong>Personal data protection<\/strong><\/h3>\n<p>At equipatex.com, we are committed to complying with the obligation of secrecy of personal data and the duty to save them and adopt all necessary measures to prevent their alteration, loss, treatment or unauthorized use.\u00a0We guarantee the security and confidentiality of all the data provided for the purchase.<\/p>\n<p>The information about our clients will not be used for commercial purposes nor will it be disclosed to third parties.<\/p>\n<h3>2.\u00a0\u00a0 <strong>Payment system<\/strong><\/h3>\n<p>You have two payment methods:<\/p>\n<p>\u2013 Transferencia Bancaria: Puedes realizar tu compra mediante transferencia bancaria, escogiendo esta forma de pago al finalizar tu pedido. Los pedidos realizados por transferencia, no ser\u00e1n enviados hasta que se halla confirmado el pago, si quieres que el proceso sea m\u00e1s r\u00e1pido env\u00edanos por email el justificante del ingreso.<\/p>\n<p>&#8211; Credit card: by means of this form of payment, you will be able to pay your order in a totally secure way through our collaborating bank Banco BBVA, at the end of the purchase.\u00a0The data entry procedure is guaranteed by SSL (Secure Socker Layer) encryption technology &#8211; 256 bits, one of the most advanced and effective protection systems currently available.\u00a0Thanks to this system, no third party will have access via the Internet to this information regarding the bank details entered by the customer.\u00a0This form of payment does not carry any commission.\u00a0If you want to use this payment method, you must place the order through the web.<\/p>\n<p>\u00a0<\/p>\n<h3>3.\u00a0\u00a0 <strong>Prices<\/strong><\/h3>\n<p>The articles displayed on equipatex.com include Spanish VAT (Value Added Tax) of 21%.<\/p>\n<h3>4.\u00a0\u00a0 <strong>Delivery times<\/strong><\/h3>\n<p>The delivery time will be 3 to 15 days depending on the manufacture of the products that the order takes.<\/p>\n<p>If the ordered product is out of stock and the shipment is to be delayed, not being able to meet the delivery period that we have indicated, you will be notified immediately, by phone or by email as soon as we have proof of it, which will always be before the date that we indicate delivery.\u00a0You will have the option to wait until its replacement, replace it with another item or cancel your order.\u00a0In the case of canceling the order and having it been paid, the amount will be fully reimbursed through the same means that you made the payment within 24\/48 hours.<\/p>\n<p>At equipatex.com we deliver from Monday to Friday during the normal working hours of the transport companies with which we collaborate (except when it is a holiday and affects the town where the delivery has to be made).<\/p>\n<h3>5.\u00a0\u00a0 <strong>Shipping costs<\/strong><\/h3>\n<p>The shipping costs are:<br \/><strong>Peninsula<\/strong>\u00a0: \u20ac 8.25 (VAT INCLUDED)<br \/><strong>Balearic Islands<\/strong>\u00a0: \u20ac 12.55 (VAT INCLUDED)<br \/><strong>Portugal<\/strong>\u00a0: \u20ac 10.84 (VAT INCLUDED)<\/p>\n<h3>6.\u00a0\u00a0 <strong>Returns<\/strong><\/h3>\n<p><strong>For orders of up to \u20ac 200 (of the same product)<\/strong><\/p>\n<p>You have 15 calendar days from the date of receipt to make the return or exchange.<\/p>\n<p>To process the exchange or return by sending an email to\u00a0<strong>atencionalcliente@equipatex.com<\/strong>\u00a0\u00a0and indicating the order reference and we will contact you to indicate how to proceed.<\/p>\n<p><strong>For orders over \u20ac 200 (for the same product)<\/strong><\/p>\n<p>We are product manufacturers, therefore, most orders that exceed 300 euros for the same product can only be changed if they have a manufacturing defect.\u00a0In this case, they would be replaced by the same product.<\/p>\n<p>If you have doubts about the qualities, sizes of the products, it is convenient that you ask us for a single unit to buy it before.<\/p>\n<p><strong>\u00a0<\/strong><\/p>\n<p><strong>The return costs are:<\/strong><strong><br \/>Peninsula<\/strong>\u00a0: \u20ac 14.36 (VAT INCLUDED)<br \/><strong>Balearic Islands<\/strong>\u00a0: \u20ac 32 (VAT INCLUDED)<br \/><strong>Portugal<\/strong>\u00a0: \u20ac 17.56 (VAT INCLUDED)<\/p>\n<p>You can make the return by your means, in this case when the merchandise arrives, we will review it if there is any type of problem we will notify you and we will proceed to make the payment if it is convenient.<\/p>\n<h3>7.\u00a0\u00a0 <strong>Claims resolution<\/strong><\/h3>\n<p>The parties submit, at their option, for the resolution of conflicts and renouncing any other jurisdiction, to the courts and tribunals of the user&#8217;s domicile.<\/p>\n<h3>8.\u00a0\u00a0 <strong>Quality of the products<\/strong><strong>\u00a0<\/strong><\/h3>\n<p>Products damaged by misuse, and in which it is not demonstrable that it has been a factory defect, will not be paid or exchanged.<\/p>\n<p>In the event of a defect, you must contact us via the contact form or by phone.\u00a0The person who attends you will request the purchase invoice that is sent in .PDF format by e-mail when sending the order, along with an explanation of the problem.\u00a0In the case of a manufacturing defect, equipatex.com will be responsible for 100% of the costs of return and replacement of a new product.\u00a0In case of not being able to replace said product, you will be reimbursed the price for which you paid in its day, once we receive the merchandise in our warehouses<\/p>\n\n","protected":false},"excerpt":{"rendered":"","protected":false},"author":1,"featured_media":0,"parent":0,"menu_order":0,"comment_status":"closed","ping_status":"closed","template":"","meta":{"footnotes":""},"class_list":["post-1495","page","type-page","status-publish","hentry"],"_links":{"self":[{"href":"https:\/\/equipatex.com\/en\/wp-json\/wp\/v2\/pages\/1495","targetHints":{"allow":["GET"]}}],"collection":[{"href":"https:\/\/equipatex.com\/en\/wp-json\/wp\/v2\/pages"}],"about":[{"href":"https:\/\/equipatex.com\/en\/wp-json\/wp\/v2\/types\/page"}],"author":[{"embeddable":true,"href":"https:\/\/equipatex.com\/en\/wp-json\/wp\/v2\/users\/1"}],"replies":[{"embeddable":true,"href":"https:\/\/equipatex.com\/en\/wp-json\/wp\/v2\/comments?post=1495"}],"version-history":[{"count":4,"href":"https:\/\/equipatex.com\/en\/wp-json\/wp\/v2\/pages\/1495\/revisions"}],"predecessor-version":[{"id":1706,"href":"https:\/\/equipatex.com\/en\/wp-json\/wp\/v2\/pages\/1495\/revisions\/1706"}],"wp:attachment":[{"href":"https:\/\/equipatex.com\/en\/wp-json\/wp\/v2\/media?parent=1495"}],"curies":[{"name":"wp","href":"https:\/\/api.w.org\/{rel}","templated":true}]}}